{"id":306,"date":"2020-09-15T07:49:14","date_gmt":"2020-09-15T07:49:14","guid":{"rendered":"https:\/\/www.tizsag.eu\/?page_id=306"},"modified":"2022-06-14T14:05:01","modified_gmt":"2022-06-14T14:05:01","slug":"tizsag-contact","status":"publish","type":"page","link":"https:\/\/www.tizsag.eu\/index.php\/tizsag-contact\/","title":{"rendered":"TIZSAG &#8211; Contact"},"content":{"rendered":"\t\t<div data-elementor-type=\"wp-page\" data-elementor-id=\"306\" class=\"elementor elementor-306\">\n\t\t\t\t\t\t\t\t\t<section class=\"elementor-section elementor-top-section elementor-element elementor-element-a3b5926 elementor-section-boxed elementor-section-height-default elementor-section-height-default\" data-id=\"a3b5926\" data-element_type=\"section\" data-settings=\"{&quot;background_background&quot;:&quot;gradient&quot;,&quot;motion_fx_motion_fx_scrolling&quot;:&quot;yes&quot;,&quot;motion_fx_opacity_effect&quot;:&quot;yes&quot;,&quot;motion_fx_opacity_direction&quot;:&quot;in-out&quot;,&quot;motion_fx_opacity_level&quot;:{&quot;unit&quot;:&quot;px&quot;,&quot;size&quot;:7,&quot;sizes&quot;:[]},&quot;motion_fx_opacity_range&quot;:{&quot;unit&quot;:&quot;%&quot;,&quot;size&quot;:&quot;&quot;,&quot;sizes&quot;:{&quot;start&quot;:8,&quot;end&quot;:17}},&quot;motion_fx_scale_effect&quot;:&quot;yes&quot;,&quot;motion_fx_scale_direction&quot;:&quot;in-out&quot;,&quot;motion_fx_scale_speed&quot;:{&quot;unit&quot;:&quot;px&quot;,&quot;size&quot;:6,&quot;sizes&quot;:[]},&quot;motion_fx_scale_range&quot;:{&quot;unit&quot;:&quot;%&quot;,&quot;size&quot;:&quot;&quot;,&quot;sizes&quot;:{&quot;start&quot;:0,&quot;end&quot;:11}},&quot;sticky&quot;:&quot;top&quot;,&quot;motion_fx_devices&quot;:[&quot;desktop&quot;,&quot;tablet&quot;,&quot;mobile&quot;],&quot;sticky_on&quot;:[&quot;desktop&quot;,&quot;tablet&quot;,&quot;mobile&quot;],&quot;sticky_offset&quot;:0,&quot;sticky_effects_offset&quot;:0}\">\n\t\t\t\t\t\t<div class=\"elementor-container elementor-column-gap-default\">\n\t\t\t\t\t<div class=\"elementor-column elementor-col-25 elementor-top-column elementor-element elementor-element-93eec0e\" data-id=\"93eec0e\" data-element_type=\"column\">\n\t\t\t<div class=\"elementor-widget-wrap elementor-element-populated\">\n\t\t\t\t\t\t\t\t<div class=\"elementor-element elementor-element-e4a2c5a elementor-widget elementor-widget-image\" data-id=\"e4a2c5a\" data-element_type=\"widget\" data-widget_type=\"image.default\">\n\t\t\t\t<div class=\"elementor-widget-container\">\n\t\t\t\t\t\t\t\t\t\t\t\t\t\t\t\t<a href=\"https:\/\/www.tizsag.eu\/\">\n\t\t\t\t\t\t\t<img width=\"800\" height=\"264\" src=\"https:\/\/www.tizsag.eu\/wp-content\/uploads\/2020\/07\/logo-02-1-1024x338.png\" class=\"attachment-large size-large wp-image-47\" alt=\"\" loading=\"lazy\" srcset=\"https:\/\/www.tizsag.eu\/wp-content\/uploads\/2020\/07\/logo-02-1-1024x338.png 1024w, https:\/\/www.tizsag.eu\/wp-content\/uploads\/2020\/07\/logo-02-1-300x99.png 300w, https:\/\/www.tizsag.eu\/wp-content\/uploads\/2020\/07\/logo-02-1-768x253.png 768w, https:\/\/www.tizsag.eu\/wp-content\/uploads\/2020\/07\/logo-02-1.png 2000w\" sizes=\"(max-width: 800px) 100vw, 800px\" \/>\t\t\t\t\t\t\t\t<\/a>\n\t\t\t\t\t\t\t\t\t\t\t\t\t\t\t<\/div>\n\t\t\t\t<\/div>\n\t\t\t\t\t<\/div>\n\t\t<\/div>\n\t\t\t\t<div class=\"elementor-column elementor-col-25 elementor-top-column elementor-element elementor-element-dbf5d35\" data-id=\"dbf5d35\" data-element_type=\"column\">\n\t\t\t<div class=\"elementor-widget-wrap elementor-element-populated\">\n\t\t\t\t\t\t\t\t<div class=\"elementor-element elementor-element-56cd4ad elementor-widget elementor-widget-image\" data-id=\"56cd4ad\" data-element_type=\"widget\" data-widget_type=\"image.default\">\n\t\t\t\t<div class=\"elementor-widget-container\">\n\t\t\t\t\t\t\t\t\t\t\t\t\t\t\t\t<a href=\"https:\/\/www.tizsag.eu\/index.php\/tizsag-contact-en\/\">\n\t\t\t\t\t\t\t<img width=\"330\" height=\"174\" src=\"https:\/\/www.tizsag.eu\/wp-content\/uploads\/2022\/06\/flag_usa.png\" class=\"attachment-full size-full wp-image-637\" alt=\"\" loading=\"lazy\" srcset=\"https:\/\/www.tizsag.eu\/wp-content\/uploads\/2022\/06\/flag_usa.png 330w, https:\/\/www.tizsag.eu\/wp-content\/uploads\/2022\/06\/flag_usa-300x158.png 300w\" sizes=\"(max-width: 330px) 100vw, 330px\" \/>\t\t\t\t\t\t\t\t<\/a>\n\t\t\t\t\t\t\t\t\t\t\t\t\t\t\t<\/div>\n\t\t\t\t<\/div>\n\t\t\t\t\t<\/div>\n\t\t<\/div>\n\t\t\t\t<div class=\"elementor-column elementor-col-25 elementor-top-column elementor-element elementor-element-cd3bd88\" data-id=\"cd3bd88\" data-element_type=\"column\">\n\t\t\t<div class=\"elementor-widget-wrap elementor-element-populated\">\n\t\t\t\t\t\t\t\t<div class=\"elementor-element elementor-element-a2a1067 elementor-align-center elementor-widget elementor-widget-button\" data-id=\"a2a1067\" data-element_type=\"widget\" data-widget_type=\"button.default\">\n\t\t\t\t<div class=\"elementor-widget-container\">\n\t\t\t\t\t<div class=\"elementor-button-wrapper\">\n\t\t\t<a class=\"elementor-button elementor-button-link elementor-size-sm\" href=\"https:\/\/www.tizsag.eu\/index.php\/catalogue\/\">\n\t\t\t\t\t\t<span class=\"elementor-button-content-wrapper\">\n\t\t\t\t\t\t<span class=\"elementor-button-text\">KATALOG<\/span>\n\t\t<\/span>\n\t\t\t\t\t<\/a>\n\t\t<\/div>\n\t\t\t\t<\/div>\n\t\t\t\t<\/div>\n\t\t\t\t\t<\/div>\n\t\t<\/div>\n\t\t\t\t<div class=\"elementor-column elementor-col-25 elementor-top-column elementor-element elementor-element-58b4926\" data-id=\"58b4926\" data-element_type=\"column\">\n\t\t\t<div class=\"elementor-widget-wrap elementor-element-populated\">\n\t\t\t\t\t\t\t\t<div class=\"elementor-element elementor-element-11f399d elementor-align-center elementor-widget elementor-widget-button\" data-id=\"11f399d\" data-element_type=\"widget\" data-widget_type=\"button.default\">\n\t\t\t\t<div class=\"elementor-widget-container\">\n\t\t\t\t\t<div class=\"elementor-button-wrapper\">\n\t\t\t<a class=\"elementor-button elementor-button-link elementor-size-sm\" href=\"https:\/\/www.tizsag.eu\/index.php\/tizsag-contact\/\">\n\t\t\t\t\t\t<span class=\"elementor-button-content-wrapper\">\n\t\t\t\t\t\t<span class=\"elementor-button-text\">KONTAKT<\/span>\n\t\t<\/span>\n\t\t\t\t\t<\/a>\n\t\t<\/div>\n\t\t\t\t<\/div>\n\t\t\t\t<\/div>\n\t\t\t\t\t<\/div>\n\t\t<\/div>\n\t\t\t\t\t\t\t<\/div>\n\t\t<\/section>\n\t\t\t\t<section class=\"elementor-section elementor-top-section elementor-element elementor-element-32d5c4a elementor-section-boxed elementor-section-height-default elementor-section-height-default\" data-id=\"32d5c4a\" data-element_type=\"section\">\n\t\t\t\t\t\t<div class=\"elementor-container elementor-column-gap-default\">\n\t\t\t\t\t<div class=\"elementor-column elementor-col-100 elementor-top-column elementor-element elementor-element-9d186c5\" data-id=\"9d186c5\" data-element_type=\"column\">\n\t\t\t<div class=\"elementor-widget-wrap elementor-element-populated\">\n\t\t\t\t\t\t\t\t<div class=\"elementor-element elementor-element-3dbfb52 elementor-widget elementor-widget-shortcode\" data-id=\"3dbfb52\" data-element_type=\"widget\" data-widget_type=\"shortcode.default\">\n\t\t\t\t<div class=\"elementor-widget-container\">\n\t\t\t\t\t<div class=\"elementor-shortcode\">\r\n        \r\n        <form class=\"wpuf-form-add weforms-302  wpuf-style\" action=\"\" method=\"post\"   id=\"\">\r\n\r\n            <ul class=\"wpuf-form form-label-above\">\r\n\r\n                        <li class=\"wpuf-el imie__i_nazwisko field-size-large\" data-label=\"Imi\u0119 i nazwisko\">\r\n                    <div class=\"wpuf-label\">\r\n            <label for=\"imie__i_nazwisko_302\">Imi\u0119 i nazwisko <span class=\"required\">*<\/span><\/label>\r\n        <\/div>\r\n        \r\n            <div class=\"wpuf-fields\">\r\n                <div class=\"wpuf-name-field-wrap format-first-last\" data-style=\"wpuf-style\">\r\n                    <div class=\"wpuf-name-field-first-name\">\r\n                        <input\r\n                            name=\"imie__i_nazwisko[first]\"\r\n                            type=\"text\"\r\n                            placeholder=\"\"\r\n                            value=\"\"\r\n                            size=\"40\"\r\n                            data-required=\"yes\"\r\n                            data-type=\"text\"\r\n                            data-style=\"wpuf-style\"\r\n                            class=\"textfield wpuf_imie__i_nazwisko_302\"\r\n                            autocomplete=\"given-name\"\r\n                        >\r\n                                                    <label class=\"wpuf-form-sub-label\" data-style=\"wpuf-style\">First<\/label>\r\n                                            <\/div>\r\n\r\n                                            <input type=\"hidden\" name=\"imie__i_nazwisko[middle]\" value=\"\">\r\n                    \r\n                    <div class=\"wpuf-name-field-last-name\">\r\n                        <input\r\n                            name=\"imie__i_nazwisko[last]\"\r\n                            type=\"text\" class=\"textfield\"\r\n                            placeholder=\"\"\r\n                            value=\"\"\r\n                            size=\"40\"\r\n                            autocomplete=\"family-name\"\r\n                            data-style=\"wpuf-style\"\r\n                        >\r\n                                                    <label class=\"wpuf-form-sub-label\" data-style=\"wpuf-style\">Last<\/label>\r\n                                            <\/div>\r\n                <\/div>\r\n                            <\/div>\r\n        <\/li>\r\n                <li class=\"wpuf-el adres_email field-size-large\" data-label=\"Adres email\">\r\n                    <div class=\"wpuf-label\">\r\n            <label for=\"adres_email_302\">Adres email <span class=\"required\">*<\/span><\/label>\r\n        <\/div>\r\n        \r\n            <div class=\"wpuf-fields\">\r\n                <input\r\n                    id=\"adres_email_302\"\r\n                    type=\"email\"\r\n                    class=\"email  wpuf_adres_email_302\"\r\n                    data-duplicate=\"\"\r\n                    data-required=\"yes\"\r\n                    data-type=\"email\"\r\n                    data-style=\"wpuf-style\"\r\n                    name=\"adres_email\"\r\n                    placeholder=\"\"\r\n                    value=\"\"\r\n                    size=\"40\"\r\n                    autocomplete=\"email\"\r\n                \/>\r\n                            <\/div>\r\n        <\/li>\r\n                <li class=\"wpuf-el wiadomo__ field-size-large\" data-label=\"Wiadomo\u015b\u0107\">\r\n                    <div class=\"wpuf-label\">\r\n            <label for=\"wiadomo___302\">Wiadomo\u015b\u0107 <span class=\"required\">*<\/span><\/label>\r\n        <\/div>\r\n                                    <div class=\"wpuf-fields\">\r\n            \r\n                                    <textarea\r\n                        class=\"textareafield  wpuf_wiadomo___302\"\r\n                        id=\"wiadomo___302\"\r\n                        name=\"wiadomo__\"\r\n                        data-required=\"yes\"\r\n                        data-type=\"textarea\"\r\n                        placeholder=\"\"\r\n                        rows=\"5\"\r\n                        cols=\"25\"\r\n                    ><\/textarea>\r\n                    <span class=\"wpuf-wordlimit-message wpuf-help\"><\/span>\r\n\r\n                \r\n                        <\/li>\r\n                <li class=\"wpuf-submit\">\r\n            <div class=\"wpuf-label\">\r\n                &nbsp;\r\n            <\/div>\r\n\r\n            <input type=\"hidden\" id=\"_wpnonce\" name=\"_wpnonce\" value=\"7cb6d53b2c\" \/><input type=\"hidden\" name=\"_wp_http_referer\" value=\"\/index.php\/wp-json\/wp\/v2\/pages\/306\" \/>\r\n            <input type=\"hidden\" name=\"form_id\" value=\"302\">\r\n            <input type=\"hidden\" name=\"page_id\" value=\"306\">\r\n            <input type=\"hidden\" name=\"action\" value=\"weforms_frontend_submit\">\r\n\r\n                            <input type=\"hidden\" name=\"weforms-front-report\" value=\"no\">\r\n            \r\n            \r\n            <input type=\"submit\" class=\"weforms_submit_btn wpuf_submit_302\" name=\"submit\" value=\"Wy\u015blij wiadomo\u015b\u0107\" \/>\r\n\r\n        <\/li>\r\n                <\/ul>\r\n\r\n        <\/form>\r\n\r\n        <\/div>\n\t\t\t\t<\/div>\n\t\t\t\t<\/div>\n\t\t\t\t\t<\/div>\n\t\t<\/div>\n\t\t\t\t\t\t\t<\/div>\n\t\t<\/section>\n\t\t\t\t<section class=\"elementor-section elementor-top-section elementor-element elementor-element-f1fa829 elementor-section-boxed elementor-section-height-default elementor-section-height-default\" data-id=\"f1fa829\" data-element_type=\"section\">\n\t\t\t\t\t\t<div class=\"elementor-container elementor-column-gap-default\">\n\t\t\t\t\t<div class=\"elementor-column elementor-col-33 elementor-top-column elementor-element elementor-element-fe1351f\" data-id=\"fe1351f\" data-element_type=\"column\">\n\t\t\t<div class=\"elementor-widget-wrap elementor-element-populated\">\n\t\t\t\t\t\t\t\t<div class=\"elementor-element elementor-element-e3dbed8 elementor-widget elementor-widget-text-editor\" data-id=\"e3dbed8\" data-element_type=\"widget\" data-widget_type=\"text-editor.default\">\n\t\t\t\t<div class=\"elementor-widget-container\">\n\t\t\t\t\t\t\t<h5><span class=\"fontstyle0\">Dzia\u0142 Techniczny:<br \/>technolog@tizimplements.com<\/span>\u00a0\u00a0<\/h5>\t\t\t\t\t\t<\/div>\n\t\t\t\t<\/div>\n\t\t\t\t<div class=\"elementor-element elementor-element-ec1b989 elementor-widget elementor-widget-text-editor\" data-id=\"ec1b989\" data-element_type=\"widget\" data-widget_type=\"text-editor.default\">\n\t\t\t\t<div class=\"elementor-widget-container\">\n\t\t\t\t\t\t\t<h5><span class=\"fontstyle0\">Sprzeda\u017c i marketing:<br \/>bok@tizimplements.com<\/span>\u00a0\u00a0<\/h5>\t\t\t\t\t\t<\/div>\n\t\t\t\t<\/div>\n\t\t\t\t\t<\/div>\n\t\t<\/div>\n\t\t\t\t<div class=\"elementor-column elementor-col-33 elementor-top-column elementor-element elementor-element-4f56b68\" data-id=\"4f56b68\" data-element_type=\"column\">\n\t\t\t<div class=\"elementor-widget-wrap elementor-element-populated\">\n\t\t\t\t\t\t\t\t<div class=\"elementor-element elementor-element-e853e93 elementor-widget elementor-widget-text-editor\" data-id=\"e853e93\" data-element_type=\"widget\" data-widget_type=\"text-editor.default\">\n\t\t\t\t<div class=\"elementor-widget-container\">\n\t\t\t\t\t\t\t<h5><span class=\"fontstyle0\">TIZ IMPLEMENTS<br \/>Kocjana 1-U4<br \/>01-473 Warszawa<\/span><\/h5><h5><span class=\"fontstyle0\"><br \/>Tel.: +48 22 4233314<\/span>\u00a0\u00a0<\/h5>\t\t\t\t\t\t<\/div>\n\t\t\t\t<\/div>\n\t\t\t\t\t<\/div>\n\t\t<\/div>\n\t\t\t\t<div class=\"elementor-column elementor-col-33 elementor-top-column elementor-element elementor-element-f0f56c8\" data-id=\"f0f56c8\" data-element_type=\"column\">\n\t\t\t<div class=\"elementor-widget-wrap elementor-element-populated\">\n\t\t\t\t\t\t\t\t<div class=\"elementor-element elementor-element-cb59a2e elementor-widget elementor-widget-image\" data-id=\"cb59a2e\" data-element_type=\"widget\" data-widget_type=\"image.default\">\n\t\t\t\t<div class=\"elementor-widget-container\">\n\t\t\t\t\t\t\t\t\t\t\t\t\t\t\t<img width=\"666\" height=\"772\" src=\"https:\/\/www.tizsag.eu\/wp-content\/uploads\/2020\/09\/logo.png\" class=\"attachment-large size-large wp-image-269\" alt=\"\" loading=\"lazy\" srcset=\"https:\/\/www.tizsag.eu\/wp-content\/uploads\/2020\/09\/logo.png 666w, https:\/\/www.tizsag.eu\/wp-content\/uploads\/2020\/09\/logo-259x300.png 259w\" sizes=\"(max-width: 666px) 100vw, 666px\" \/>\t\t\t\t\t\t\t\t\t\t\t\t\t\t\t<\/div>\n\t\t\t\t<\/div>\n\t\t\t\t\t<\/div>\n\t\t<\/div>\n\t\t\t\t\t\t\t<\/div>\n\t\t<\/section>\n\t\t\t\t\t\t\t<\/div>\n\t\t","protected":false},"excerpt":{"rendered":"<p>KATALOG KONTAKT Dzia\u0142 Techniczny:technolog@tizimplements.com\u00a0\u00a0 Sprzeda\u017c i marketing:bok@tizimplements.com\u00a0\u00a0 TIZ IMPLEMENTSKocjana 1-U401-473 Warszawa Tel.: +48 22 4233314\u00a0\u00a0<\/p>\n","protected":false},"author":1,"featured_media":0,"parent":0,"menu_order":0,"comment_status":"closed","ping_status":"closed","template":"elementor_canvas","meta":[],"_links":{"self":[{"href":"https:\/\/www.tizsag.eu\/index.php\/wp-json\/wp\/v2\/pages\/306"}],"collection":[{"href":"https:\/\/www.tizsag.eu\/index.php\/wp-json\/wp\/v2\/pages"}],"about":[{"href":"https:\/\/www.tizsag.eu\/index.php\/wp-json\/wp\/v2\/types\/page"}],"author":[{"embeddable":true,"href":"https:\/\/www.tizsag.eu\/index.php\/wp-json\/wp\/v2\/users\/1"}],"replies":[{"embeddable":true,"href":"https:\/\/www.tizsag.eu\/index.php\/wp-json\/wp\/v2\/comments?post=306"}],"version-history":[{"count":19,"href":"https:\/\/www.tizsag.eu\/index.php\/wp-json\/wp\/v2\/pages\/306\/revisions"}],"predecessor-version":[{"id":652,"href":"https:\/\/www.tizsag.eu\/index.php\/wp-json\/wp\/v2\/pages\/306\/revisions\/652"}],"wp:attachment":[{"href":"https:\/\/www.tizsag.eu\/index.php\/wp-json\/wp\/v2\/media?parent=306"}],"curies":[{"name":"wp","href":"https:\/\/api.w.org\/{rel}","templated":true}]}}